{"id":124,"date":"2023-12-18T18:31:30","date_gmt":"2023-12-18T18:31:30","guid":{"rendered":"https:\/\/orientconsulting.es\/?page_id=124"},"modified":"2025-03-10T12:11:57","modified_gmt":"2025-03-10T12:11:57","slug":"quienes-somos","status":"publish","type":"page","link":"https:\/\/orientconsulting.es\/?page_id=124","title":{"rendered":"Qui\u00e9nes Somos"},"content":{"rendered":"\t\t<div data-elementor-type=\"wp-page\" data-elementor-id=\"124\" class=\"elementor elementor-124\">\n\t\t\t\t<div class=\"elementor-element elementor-element-5154bb2 e-flex e-con-boxed e-con e-parent\" data-id=\"5154bb2\" data-element_type=\"container\" data-e-type=\"container\">\n\t\t\t\t\t<div class=\"e-con-inner\">\n\t\t<div class=\"elementor-element elementor-element-21032a5 e-flex e-con-boxed e-con e-child\" data-id=\"21032a5\" data-element_type=\"container\" data-e-type=\"container\">\n\t\t\t\t\t<div class=\"e-con-inner\">\n\t\t\t\t<div class=\"elementor-element elementor-element-06271cc elementor-widget elementor-widget-image\" data-id=\"06271cc\" data-element_type=\"widget\" data-e-type=\"widget\" data-widget_type=\"image.default\">\n\t\t\t\t<div class=\"elementor-widget-container\">\n\t\t\t\t\t\t\t\t\t\t\t\t\t\t\t<img decoding=\"async\" src=\"https:\/\/orientconsulting.es\/wp-content\/uploads\/elementor\/thumbs\/Linea-qwpyoaazkch0rukr6anqnx8poigltjbleghncckjsc.png\" title=\"Linea\" alt=\"Linea\" loading=\"lazy\" \/>\t\t\t\t\t\t\t\t\t\t\t\t\t\t\t<\/div>\n\t\t\t\t<\/div>\n\t\t\t\t\t<\/div>\n\t\t\t\t<\/div>\n\t\t\t\t\t<\/div>\n\t\t\t\t<\/div>\n\t\t<div class=\"elementor-element elementor-element-0c324ba e-flex e-con-boxed e-con e-parent\" data-id=\"0c324ba\" data-element_type=\"container\" data-e-type=\"container\">\n\t\t\t\t\t<div class=\"e-con-inner\">\n\t\t<div class=\"elementor-element elementor-element-982af59 e-con-full e-flex e-con e-child\" data-id=\"982af59\" data-element_type=\"container\" data-e-type=\"container\">\n\t\t\t\t<div class=\"elementor-element elementor-element-0d8ad16 elementor-widget elementor-widget-text-editor\" data-id=\"0d8ad16\" data-element_type=\"widget\" data-e-type=\"widget\" data-widget_type=\"text-editor.default\">\n\t\t\t\t<div class=\"elementor-widget-container\">\n\t\t\t\t\t\t\t\t\t<p><span style=\"text-align: justify; color: var( --e-global-color-text ); font-family: var( --e-global-typography-text-font-family ), Sans-serif; font-weight: var( --e-global-typography-text-font-weight );\">Orient Consulting es un modelo de servicio dentro del sector de asesoramiento legal dirigido a la comunidad china residente en Espa\u00f1a. Nuestros servicios incluyen el asesoramiento fiscal, laboral, contable , mercantil y en extranjer\u00eda , integrando dentro de su equipo de trabajo a profesionales espa\u00f1oles altamente cualificados, junto con un s\u00f3lido equipo de atenci\u00f3n al cliente en idioma chino que nos permite dar un servicio profesional, cercano, \u00e1gil y eficaz.&nbsp;<\/span><\/p>\t\t\t\t\t\t\t\t<\/div>\n\t\t\t\t<\/div>\n\t\t\t\t<\/div>\n\t\t<div class=\"elementor-element elementor-element-530d358 e-con-full e-flex e-con e-child\" data-id=\"530d358\" data-element_type=\"container\" data-e-type=\"container\">\n\t\t\t\t<div class=\"elementor-element elementor-element-5a7fcdd elementor-widget elementor-widget-image\" data-id=\"5a7fcdd\" data-element_type=\"widget\" data-e-type=\"widget\" data-widget_type=\"image.default\">\n\t\t\t\t<div class=\"elementor-widget-container\">\n\t\t\t\t\t\t\t\t\t\t\t\t\t\t\t<img fetchpriority=\"high\" decoding=\"async\" width=\"300\" height=\"200\" src=\"https:\/\/orientconsulting.es\/wp-content\/uploads\/2024\/03\/Socios-300x200.jpg\" class=\"attachment-medium size-medium wp-image-1463\" alt=\"\" srcset=\"https:\/\/orientconsulting.es\/wp-content\/uploads\/2024\/03\/Socios-300x200.jpg 300w, https:\/\/orientconsulting.es\/wp-content\/uploads\/2024\/03\/Socios-1024x682.jpg 1024w, https:\/\/orientconsulting.es\/wp-content\/uploads\/2024\/03\/Socios-768x512.jpg 768w, https:\/\/orientconsulting.es\/wp-content\/uploads\/2024\/03\/Socios-1536x1023.jpg 1536w, https:\/\/orientconsulting.es\/wp-content\/uploads\/2024\/03\/Socios.jpg 1600w\" sizes=\"(max-width: 300px) 100vw, 300px\" \/>\t\t\t\t\t\t\t\t\t\t\t\t\t\t\t<\/div>\n\t\t\t\t<\/div>\n\t\t\t\t<\/div>\n\t\t<div class=\"elementor-element elementor-element-1fd5cda e-con-full e-flex e-con e-child\" data-id=\"1fd5cda\" data-element_type=\"container\" data-e-type=\"container\">\n\t\t\t\t<div class=\"elementor-element elementor-element-cf28028 elementor-widget elementor-widget-image\" data-id=\"cf28028\" data-element_type=\"widget\" data-e-type=\"widget\" data-widget_type=\"image.default\">\n\t\t\t\t<div class=\"elementor-widget-container\">\n\t\t\t\t\t\t\t\t\t\t\t\t\t\t\t<img decoding=\"async\" width=\"768\" height=\"512\" src=\"https:\/\/orientconsulting.es\/wp-content\/uploads\/2024\/03\/Javi-768x512.jpg\" class=\"attachment-medium_large size-medium_large wp-image-1464\" alt=\"\" srcset=\"https:\/\/orientconsulting.es\/wp-content\/uploads\/2024\/03\/Javi-768x512.jpg 768w, https:\/\/orientconsulting.es\/wp-content\/uploads\/2024\/03\/Javi-300x200.jpg 300w, https:\/\/orientconsulting.es\/wp-content\/uploads\/2024\/03\/Javi-1024x682.jpg 1024w, https:\/\/orientconsulting.es\/wp-content\/uploads\/2024\/03\/Javi-1536x1023.jpg 1536w, https:\/\/orientconsulting.es\/wp-content\/uploads\/2024\/03\/Javi.jpg 1600w\" sizes=\"(max-width: 768px) 100vw, 768px\" \/>\t\t\t\t\t\t\t\t\t\t\t\t\t\t\t<\/div>\n\t\t\t\t<\/div>\n\t\t\t\t<\/div>\n\t\t<div class=\"elementor-element elementor-element-ee411d4 e-con-full e-flex e-con e-child\" data-id=\"ee411d4\" data-element_type=\"container\" data-e-type=\"container\">\n\t\t\t\t<div class=\"elementor-element elementor-element-b8a8ff9 elementor-widget elementor-widget-text-editor\" data-id=\"b8a8ff9\" data-element_type=\"widget\" data-e-type=\"widget\" data-widget_type=\"text-editor.default\">\n\t\t\t\t<div class=\"elementor-widget-container\">\n\t\t\t\t\t\t\t\t\t<p><span style=\"color: rgb(122, 122, 122); font-family: Roboto, sans-serif; text-align: justify;\">Tras varios a\u00f1os como socio de una firma de abogados multidisciplinar, Javier Junquera decidi\u00f3 constituir en el a\u00f1o 2002<\/span><span style=\"text-align: justify; color: var( --e-global-color-text ); font-family: var( --e-global-typography-text-font-family ), Sans-serif; font-weight: var( --e-global-typography-text-font-weight );\">&nbsp;Orient Consulting , con el objetivo de ofrecer servicios de gesti\u00f3n empresarial&nbsp; a las empresas y particulares chinos residentes en Espa\u00f1a. De esta manera se convirti\u00f3 en la primera asesor\u00eda jur\u00eddica espa\u00f1ola creada espec\u00edficamente para dar servicio a la<\/span><span style=\"text-align: justify; color: var( --e-global-color-text ); font-family: var( --e-global-typography-text-font-family ), Sans-serif; font-weight: var( --e-global-typography-text-font-weight );\">&nbsp;<\/span><span style=\"text-align: justify; color: var( --e-global-color-text ); font-family: var( --e-global-typography-text-font-family ), Sans-serif; font-weight: var( --e-global-typography-text-font-weight );\">comunidad china, pudiendo ser en muy poco tiempo un referente de calidad y profesionalidad dentro del sector.<\/span><br><\/p>\t\t\t\t\t\t\t\t<\/div>\n\t\t\t\t<\/div>\n\t\t\t\t<\/div>\n\t\t\t\t\t<\/div>\n\t\t\t\t<\/div>\n\t\t<div class=\"elementor-element elementor-element-4119db6 e-flex e-con-boxed e-con e-parent\" data-id=\"4119db6\" data-element_type=\"container\" data-e-type=\"container\">\n\t\t\t\t\t<div class=\"e-con-inner\">\n\t\t\t\t<div class=\"elementor-element elementor-element-48f796a elementor-widget elementor-widget-copyright\" data-id=\"48f796a\" data-element_type=\"widget\" data-e-type=\"widget\" data-settings=\"{&quot;align&quot;:&quot;center&quot;}\" data-widget_type=\"copyright.default\">\n\t\t\t\t<div class=\"elementor-widget-container\">\n\t\t\t\t\t\t\t<div class=\"hfe-copyright-wrapper\">\n\t\t\t\t\t\t\t<span>Copyright \u00a9 2026 Orient Consulting S.L <\/span>\n\t\t\t\t\t<\/div>\n\t\t\t\t\t\t<\/div>\n\t\t\t\t<\/div>\n\t\t\t\t\t<\/div>\n\t\t\t\t<\/div>\n\t\t\t\t<\/div>\n\t\t","protected":false},"excerpt":{"rendered":"<p>Orient Consulting es un modelo de servicio dentro del sector de asesoramiento legal dirigido a la comunidad china residente en Espa\u00f1a. Nuestros servicios incluyen el asesoramiento fiscal, laboral, contable , mercantil y en extranjer\u00eda , integrando dentro de su equipo de trabajo a profesionales espa\u00f1oles altamente cualificados, junto con un s\u00f3lido equipo de atenci\u00f3n al [&hellip;]<\/p>\n","protected":false},"author":1,"featured_media":0,"parent":0,"menu_order":0,"comment_status":"closed","ping_status":"closed","template":"page-templates\/full-width-page.php","meta":{"footnotes":""},"class_list":["post-124","page","type-page","status-publish","hentry"],"_links":{"self":[{"href":"https:\/\/orientconsulting.es\/index.php?rest_route=\/wp\/v2\/pages\/124","targetHints":{"allow":["GET"]}}],"collection":[{"href":"https:\/\/orientconsulting.es\/index.php?rest_route=\/wp\/v2\/pages"}],"about":[{"href":"https:\/\/orientconsulting.es\/index.php?rest_route=\/wp\/v2\/types\/page"}],"author":[{"embeddable":true,"href":"https:\/\/orientconsulting.es\/index.php?rest_route=\/wp\/v2\/users\/1"}],"replies":[{"embeddable":true,"href":"https:\/\/orientconsulting.es\/index.php?rest_route=%2Fwp%2Fv2%2Fcomments&post=124"}],"version-history":[{"count":20,"href":"https:\/\/orientconsulting.es\/index.php?rest_route=\/wp\/v2\/pages\/124\/revisions"}],"predecessor-version":[{"id":2112,"href":"https:\/\/orientconsulting.es\/index.php?rest_route=\/wp\/v2\/pages\/124\/revisions\/2112"}],"wp:attachment":[{"href":"https:\/\/orientconsulting.es\/index.php?rest_route=%2Fwp%2Fv2%2Fmedia&parent=124"}],"curies":[{"name":"wp","href":"https:\/\/api.w.org\/{rel}","templated":true}]}}